{"id":11502,"date":"2019-03-21T15:20:48","date_gmt":"2019-03-21T20:20:48","guid":{"rendered":"https:\/\/colrafaeluribeuribe.edu.co\/web\/?page_id=11502"},"modified":"2024-01-27T07:58:07","modified_gmt":"2024-01-27T12:58:07","slug":"nuestro-colegio","status":"publish","type":"page","link":"https:\/\/colrafaeluribeuribe.edu.co\/web\/nuestro-colegio\/","title":{"rendered":"Nuestro Colegio"},"content":{"rendered":"<div class=\"wpb-content-wrapper\"><p>[vc_row][vc_column]<div class=\"thim-widget-heading template-base\"><div class=\"sc_heading  text-center\"><h3 style=\"font-size:35px;font-weight:600;\" class=\"title\">Informaci\u00f3n <strong>Institucional<\/strong><\/h3><\/div><\/div>[\/vc_column][\/vc_row][vc_row css=\u00bb.vc_custom_1559531433775{margin-bottom: 15px !important;}\u00bb][vc_column width=\u00bb5\/12&#8243; css=\u00bb.vc_custom_1553219212365{margin-bottom: 30px !important;}\u00bb][vc_column_text]<\/p>\n<h3 class=\"thim-text-title\">Misi\u00f3n<\/h3>\n<p>Brindar educaci\u00f3n incluyente e integral, enmarcada en la convivencia pac\u00edfica; formando estudiantes competentes, creativos y emprendedores, con especialidades\u00a0<em><strong>I<\/strong><strong>ntegraci\u00f3n de Contenidos Digitales en y Asesor\u00eda Comercial<\/strong><\/em>; capaces de aplicar conocimientos tecnol\u00f3gicos en el campo laboral y empresarial, siendo agentes de cambio para la sociedad.[\/vc_column_text][\/vc_column][vc_column width=\u00bb7\/12&#8243; css=\u00bb.vc_custom_1553219224890{margin-bottom: 30px !important;}\u00bb][vc_column_text]<\/p>\n<h3 class=\"thim-text-title\">Visi\u00f3n<\/h3>\n<p>La Instituci\u00f3n Educativa,\u00a0 Colegio T\u00e9cnico Rafael Uribe Uribe, de la Ciudadela Juan Atalaya, al finalizar el a\u00f1o 2015, propender\u00e1 por ofrecer ambientes inclusivos; formaci\u00f3n integral;\u00a0 basado en la comunicaci\u00f3n, en la Convivencia Pac\u00edfica; la formaci\u00f3n laboral y la Cultura del Riesgo, acorde a las necesidades del entorno.[\/vc_column_text][\/vc_column][vc_column][vc_column_text css=\u00bb.vc_custom_1561756059569{margin-top: 15px !important;padding-top: 15px !important;}\u00bb]<\/p>\n<h3 class=\"thim-text-title\">RESE\u00d1A HIST\u00d3RICA<\/h3>\n<p><span style=\"font-weight: 400;\">Seg\u00fan acuerdo N\u00b0 046 de septiembre 10 de 1990 se cre\u00f3 un COLEGIO bajo el nombre de NUESTRA SE\u00d1ORA DE TORCOROMA, el cual empez\u00f3 a funcionar en febrero del mismo a\u00f1o, con un n\u00famero aproximado de 80 alumnos en los grados de 6\u00b0 y 7\u00b0 en la modalidad de b\u00e1sica secundaria bajo la direcci\u00f3n del LIC. WILFRIDO FLOREZ C\u00c1RDENAS, nombrado rector de la instituci\u00f3n a partir del 15 de enero de 1990 mediante decreto N\u00b0 108 del municipio de San Jos\u00e9 de C\u00facuta, quien era el \u00fanico profesor oficial con que contaba en esos momentos la planta de personal de la instituci\u00f3n naciente; en sus comienzos funcion\u00f3 en casas arrendadas, cuyo canon se cubr\u00eda con los dineros que se cobraban por derechos de pensiones. En abril del mismo a\u00f1o llegaron los primeros docentes contratados por el municipio, entre quienes se encontraban:<\/span><\/p>\n<ul>\n<li><span style=\"font-weight: 400;\"> JES\u00daS ALBERTO DELGADO, Edu. F\u00edsica,\u00a0 CONSUELO MOJICA, Biolog\u00eda, BRICELIA RAM\u00cdREZ, sociales, BLANCA NIEVES TORRES, Idiomas,\u00a0 RODOLFO MANTILLA, Matem\u00e1tica<\/span><\/li>\n<\/ul>\n<p><span style=\"font-weight: 400;\">En el a\u00f1o 1991 cambi\u00f3 el nombre de la instituci\u00f3n, en adelante se llamar\u00eda COLEGIO RAFAEL URIBE URIBE y su \u00e9nfasis ser\u00eda acad\u00e9mico.<\/span><\/p>\n<p><span style=\"font-weight: 400;\">Posteriormente se consigui\u00f3 un lote donado por el municipio, el cual hab\u00eda sido destinado para tal fin por los primeros pobladores del sector, donde funcionar\u00eda con sede propia, desde entonces, el colegio se encuentra ubicado en la avenida 6 N\u00b0 7 48 del Barrio Do\u00f1a Nidia, ciudadela Juan Atalaya. Un a\u00f1o m\u00e1s tarde recibi\u00f3 su aprobaci\u00f3n oficial por la Secretar\u00eda de Educaci\u00f3n Departamental.<\/span><\/p>\n<p><span style=\"font-weight: 400;\">Desde ese entonces ha venido en constante crecimiento, es as\u00ed como, bajo la administraci\u00f3n de WILFRIDO FLOREZ C\u00c1RDENAS se construyeron 8 salones, un sal\u00f3n para laboratorio, sala de computo, la cual cuenta con 14 computadores y dos aires acondicionados, sal\u00f3n m\u00faltiple en el cual funciona la biblioteca, sala de profesores con aire acondicionado, oficina de coordinaci\u00f3n y psicoorientaci\u00f3n, secretar\u00eda y rector\u00eda con aire acondicionado, una bater\u00eda sanitaria; tambi\u00e9n se dot\u00f3 a la instituci\u00f3n con material de apoyo audiovisual y material did\u00e1ctico, fotocopiadora y algunos materiales y reactivos para el laboratorio de biolog\u00eda y qu\u00edmica, una cancha polifuncional y pavimentaci\u00f3n del patio.<\/span><\/p>\n<p><span style=\"font-weight: 400;\">Cabe destacar que estas mejoras se lograron gracias a los aportes de la naci\u00f3n, el municipio y la comunidad educativa, logrando ampliar la cobertura pues inicialmente se ofrecieron los grados de 6\u00b0 y 7\u00b0 hasta que en el a\u00f1o 1995 se proclam\u00f3 la primera promoci\u00f3n de bachilleres acad\u00e9micos, hoy en d\u00eda se cuenta con 600 estudiantes en la sede principal y un promedio de 1400 en las dem\u00e1s sedes: Do\u00f1a Nidia N\u00b062, Carlos Ram\u00edrez Par\u00eds y Hombres Nuevos.<\/span><\/p>\n<p><span style=\"font-weight: 400;\">La mayor dificultad que se presentaba en la instituci\u00f3n era la falta de docentes oficiales en las diferentes \u00e1reas, la cual se solucionaba con docentes por Orden de Prestaci\u00f3n de Servicios (OPS), quienes eran contratados por el municipio o el departamento hacia los meses de marzo a junio o por pasant\u00edas de la Universidad Francisco de Paula Santander, UFPS.<\/span><\/p>\n<p><span style=\"font-weight: 400;\">La Licenciada ANA CECILIA BECERRA BARRETO ha venido laborando en la modalidad de contrato en el colegio desde 1992 y los Licenciados NOHORA ESPERANZA ESCALANTE PINEDA, JANETH ZAMBRANO, ALEXANDER BOH\u00d3RQUEZ y JORGE ENRIQUE CORREDOR fueron vinculados por contrato a la instituci\u00f3n en el a\u00f1o 1994, quienes posteriormente fueron nombrados en propiedad en el a\u00f1o 1995, estando ya nombrada la Licenciada MARITZA BAUTISTA desde el a\u00f1o 1994.<\/span><\/p>\n<p><span style=\"font-weight: 400;\">En abril del a\u00f1o 1995 llegaron trasladados los docentes CARMEN ROSA MORA CONTRERAS, NOHORA BEATRIZ URBINA y VICENTE PRATO LARA<\/span><\/p>\n<p><span style=\"font-weight: 400;\">Posteriormente fueron vinculados a la planta de personal de nuestra instituci\u00f3n los docentes:<\/span><\/p>\n<ul>\n<li><span style=\"font-weight: 400;\"> LILIANA SANTAMAR\u00cdA , GERSON SOTO, JOS\u00c9 DEL CARMEN LEAL, CIRO ALFONSO RIVERA FLOREZ, CLARA VILLAMIZAR (COORDINADORA), PABLO ENRIQUE FONSECA,SOCORRO MENESES, CARMEN YOLANDA GUERRERO, NUBIA STELLA CARRILLO, EMPERATRIZ VELANDIA, RAFAEL ORTIZ, EDDIE IVAN RINC\u00d3N, PEDRO EULOGIO JAIMES, CLARA MART\u00cdNEZ GUTIERREZ, NUBIA PINTO, DELIA MARIA MORA CONTRERAS, FABIO ENRIQUE BAUTISTA MONSALVE, JUAN CARLOS CUBILLOS, VICTOR HUGO PE\u00d1ARANDA (COORDINADOR),\u00a0 JOS\u00c9 AUGUSTO QUINTERO (COORDINADOR), LUIS ERNESTO LEAL LEAL (COORDINADOR), OMAIRA HERN\u00c1NDEZ, GLADIS MAR\u00cdA RIVERA, MARIA ANTONIA PEINADO, LUCY XIOMARA PORTILLA BELTRAN, GUDIELA DEL SOCORRO TAMAYO CARMONA.<\/span><\/li>\n<\/ul>\n<p><span style=\"font-weight: 400;\">Docentes trasladados posteriormente<\/span><\/p>\n<p><span style=\"font-weight: 400;\">Desde su creaci\u00f3n el colegio ha contado con profesores licenciados en las diferentes \u00e1reas, que han prestado sus servicios bajo la modalidad de contrato (departamento, municipio, convenio UFPS, corporaci\u00f3n Paz y Futuro y otras) a quienes se agradece por su invaluable labor dentro del proceso pedag\u00f3gico del plantel educativo.<\/span><\/p>\n<p><span style=\"font-weight: 400;\">Cabe destacar la labor de las docentes IRMA JOSEFA GRANADOS, ALBA LUCIA PARADA, CECILIA MARIA EUGENIA MU\u00d1OZ, quienes lideraron en el a\u00f1o 1995, la primera actividad pro fondos del colegio: Brigada de salud, bazar; actividad en la cual participaron arduamente los docentes que en ese entonces hac\u00edan parte de la planta de personal, vinculando otras instituciones como el COLEGIO SANTA TERESA y LA PRESENTACI\u00d3N y que gracias a la misma se compraron los primeros escritorios para los docentes y ventiladores .<\/span><\/p>\n<p><span style=\"font-weight: 400;\">En el a\u00f1o 2002 inicia una nueva etapa el colegio, el decreto de fusi\u00f3n emanado de la Secretar\u00eda de Educaci\u00f3n Departamental incorpora la planta de personal y planta f\u00edsica de las escuelas DO\u00d1A NIDIA N\u00b0 62, CARLOS RAM\u00cdREZ PARIS, HOMBRES NUEVOS Y EL COLEGIO RAFAEL URIBE URIBE a la nueva INSTITUCI\u00d3N EDUCATIVA COLEGIO RAFAEL URIBE URIBE, la cual ofrece los grados desde preescolar hasta 11 grado y ratifica como rector al ESP. WILFRIDO FLOREZ C\u00c1RDENAS.<\/span><\/p>\n<p><span style=\"font-weight: 400;\">Posteriormente se nombran como coordinadores a ELSA BEATRIZ ROJAS ORDO\u00d1EZ Y CARMELO DUR\u00c1N IB\u00c1\u00d1EZ, quienes ejerc\u00edan como directores de las sedes y LUIS ERNESTO LEAL, quien ya se desempe\u00f1aba como coordinador de la sede principal, se encargan de velar por el buen funcionamiento de las cuatro sedes.<\/span><\/p>\n<p><span style=\"font-weight: 400;\">A principios del a\u00f1o 2004, es trasladado como rector para el colegio el Especialista ABDORO SIERRA VILLAMIZAR quien se encarga de reorganizar la planta de personal de acuerdo a la especialidad y necesidades de las diferentes sedes.<\/span><\/p>\n<p><span style=\"font-weight: 400;\">En este mismo a\u00f1o, dentro del plan de mejoramiento liderado por el rector y el coordinador LUIS ERNESTO LEAL LEAL, se logra insertar al plan de estudios la nueva visi\u00f3n para la MEDIA T\u00c9CNICA VOCACIONAL, mediante convenio interinstitucional con la CORPORACI\u00d3N PAZ Y FUTURO.<\/span><\/p>\n<p><span style=\"font-weight: 400;\">Este convenio surge a partir de:<\/span><\/p>\n<ul>\n<li><span style=\"font-weight: 400;\"> La necesidad de ofrecer a la Comunidad Educativa modalidades pr\u00e1cticas, que brinden a los educandos la oportunidad de ingresar al campo laboral<\/span><\/li>\n<li><span style=\"font-weight: 400;\"> La carencia de planta f\u00edsica, maquinaria y docentes especializados en estas modalidades.<\/span><\/li>\n<\/ul>\n<p><span style=\"font-weight: 400;\">Es as\u00ed como surge una nueva Instituci\u00f3n Educativa COLEGIO T\u00c9CNICO RAFAEL URIBE URIBE -PAZ Y FUTURO, aprobado por Resoluci\u00f3n 00030655 de 10 de Noviembre de 2004 ofreciendo las siguientes modalidades:<\/span><\/p>\n<p><span style=\"font-weight: 400;\">* Confecciones,\u00a0 Mec\u00e1nica automotriz, Cer\u00e1mica ,Marroquiner\u00eda ,Refrigeraci\u00f3n.<\/span><\/p>\n<p><span style=\"font-weight: 400;\">Desde la resoluci\u00f3n 002069 del 16 de noviembre de 2010 emanada por la Secretar\u00eda de educaci\u00f3n municipal, se aprobaron\u00a0 los estudios realizados en convenio con el CASD, el cual ofrece a los j\u00f3venes educaci\u00f3n media t\u00e9cnica en especialidades de Salud p\u00fablica, instalaciones el\u00e9ctricas, mantenimiento de hardware, gesti\u00f3n contable y financiera, venta de productos y servicios.<\/span><\/p>\n<p><span style=\"font-weight: 400;\">Desde el a\u00f1o 2016 inicia labores como rector el especialista NESTOR MARTIN CONTRERAS GELVEZ trayendo nuevas directrices en favor de la instituci\u00f3n.<\/span>[\/vc_column_text][\/vc_column][\/vc_row][vc_row css=\u00bb.vc_custom_1561757192701{margin-top: 30px !important;padding-top: 30px !important;}\u00bb][vc_column]<div class=\"thim-widget-heading template-base\"><div class=\"sc_heading  text-center\"><h3 class=\"title\"><strong>S\u00cdMBOLOS INSTITUCIONALES <\/strong><\/h3><span class=\"line\"><\/span><\/div><\/div>[vc_row_inner][vc_column_inner width=\u00bb1\/2&#8243;][vc_column_text]<\/p>\n<h3 class=\"thim-text-title\">Bandera<\/h3>\n<p>[\/vc_column_text][vc_single_image image=\u00bb11706&#8243; img_size=\u00bbmedium\u00bb alignment=\u00bbcenter\u00bb][\/vc_column_inner][vc_column_inner width=\u00bb1\/2&#8243;][vc_column_text]<\/p>\n<h3 class=\"thim-text-title\">Escudo<\/h3>\n<p>[\/vc_column_text][vc_single_image image=\u00bb11700&#8243; img_size=\u00bbmedium\u00bb alignment=\u00bbcenter\u00bb][\/vc_column_inner][\/vc_row_inner][\/vc_column][\/vc_row][vc_row css=\u00bb.vc_custom_1559532503179{background-color: #95c5f4 !important;}\u00bb][vc_column][vc_row_inner][vc_column_inner]<div class=\"thim-widget-heading template-base\"><div class=\"sc_heading  text-center\"><h3 class=\"title\"><strong>Himno<\/strong> Institucional<\/h3><span class=\"line\"><\/span><\/div><\/div>[\/vc_column_inner][\/vc_row_inner][vc_row_inner][vc_column_inner width=\u00bb1\/3&#8243;]<div class=\"thim-widget-heading template-base\"><div class=\"sc_heading  text-center\"><h3 class=\"title\">CORO<\/h3><span class=\"line\"><\/span><\/div><\/div>[vc_column_text]<\/p>\n<div style=\"text-align: center;\">DE LOS CIELOS SURGI\u00d3 NUESTRA ESPERANZA<br \/>\nCON ANHELOS IMPETUOSOS DE APRENDER<br \/>\nY A LA LUZ DE LA TORCOROMA SANTA<br \/>\nEN SEPTIEMBRE NACE UN CENTRO DEL SABER<\/div>\n<p>[\/vc_column_text]<div class=\"thim-widget-heading template-base\"><div class=\"sc_heading  text-center\"><h3 class=\"title\">III<\/h3><span class=\"line\"><\/span><\/div><\/div>[vc_column_text]<\/p>\n<div style=\"text-align: center;\">AC\u00c1 SE FORMAN LAS MUJERES QUE A LA PATRIA<br \/>\nADMINISTRAN EL AMOR POR LA UNIDAD<br \/>\nQUE CONSTRUYEN CON SU ENTREGA UN NUEVO MUNDO<br \/>\nY CON ORGULLO DEFIENDEN LA LIBERTAD<\/div>\n<p>[\/vc_column_text][\/vc_column_inner][vc_column_inner width=\u00bb1\/3&#8243;]<div class=\"thim-widget-heading template-base\"><div class=\"sc_heading  text-center\"><h3 class=\"title\">I<\/h3><span class=\"line\"><\/span><\/div><\/div>[vc_column_text]<\/p>\n<div style=\"text-align: center;\">AS\u00cd TODOS UNIDOS CELEBRAMOS<br \/>\nY ENTONAMOS NUESTRO HIMNO CON HONOR<br \/>\nEXALTANDO AL RAFAEL URIBE URIBE<br \/>\nESTE HOGAR QUE EN ATALAYA GERMIN\u00d3.<\/div>\n<p>[\/vc_column_text]<div class=\"thim-widget-heading template-base\"><div class=\"sc_heading  text-center\"><h3 class=\"title\">IV<\/h3><span class=\"line\"><\/span><\/div><\/div>[vc_column_text]<\/p>\n<div style=\"text-align: center;\">SOMOS CENTRO DE PROGRESO EN ESTA TIERRA<br \/>\nDE LA HIDALGA CIUDAD QUE SE CORON\u00d3<br \/>\nCOMO NOBLE LEAL Y VALEROSA<br \/>\nQUE POR C\u00c9DULA REAL SE TITUL\u00d3<\/div>\n<p>[\/vc_column_text][\/vc_column_inner][vc_column_inner width=\u00bb1\/3&#8243;]<div class=\"thim-widget-heading template-base\"><div class=\"sc_heading  text-center\"><h3 class=\"title\">II<\/h3><span class=\"line\"><\/span><\/div><\/div>[vc_column_text]<\/p>\n<div style=\"text-align: center;\">HOMBRES NUEVOS SE HAN FORMADO EN ESTE CLAUSTRO<br \/>\nQUE HAN SERVIDO COMO GERMEN DE HERMANDAD<br \/>\nCIMENTADO POR LA PAZ PARA EL FUTURO<br \/>\nUN ORGULLO DE UNA SANA SOCIEDAD<\/div>\n<p>[\/vc_column_text]<div class=\"thim-widget-heading template-base\"><div class=\"sc_heading  text-center\"><h3 class=\"title\">V<\/h3><span class=\"line\"><\/span><\/div><\/div>[vc_column_text]<\/p>\n<div style=\"text-align: center;\">NUESTROS MAESTROS SON BALUARTES DE ESTAS LIDES<br \/>\nDE LOGRAR UNA ENTERA IDENTIDAD<br \/>\nPARA BUSCAR LA DEFENSA DE ESTA PATRIA<br \/>\nQUE DIOS NOS REGALO COMO UN HOGAR<\/div>\n<p>[\/vc_column_text][\/vc_column_inner][\/vc_row_inner][\/vc_column][\/vc_row][vc_row][vc_column]<div class=\"thim-widget-video template-video\">\n<div class=\"thim-video-box\">\n\t<div class=\"video-container\">\n\t\t<div class=\"video\"><iframe loading=\"lazy\" id=\"thim-video\" width=\"100%\" height=\"100%\" src=\"https:\/\/www.youtube.com\/embed\/1qG8EZ5rop8\" allowfullscreen style=\"border: 0;\"><\/iframe><\/div>\t<\/div>\n<\/div><\/div>[\/vc_column][\/vc_row]<\/p>\n<\/div>","protected":false},"excerpt":{"rendered":"<p>[vc_row][vc_column][\/vc_column][\/vc_row][vc_row css=\u00bb.vc_custom_1559531433775{margin-bottom: 15px !important;}\u00bb][vc_column width=\u00bb5\/12&#8243; css=\u00bb.vc_custom_1553219212365{margin-bottom: 30px !important;}\u00bb][vc_column_text] Misi\u00f3n Brindar educaci\u00f3n incluyente e integral, enmarcada en la convivencia pac\u00edfica; formando estudiantes competentes, creativos y emprendedores, con especialidades\u00a0Integraci\u00f3n de Contenidos Digitales en y Asesor\u00eda Comercial; capaces de aplicar conocimientos tecnol\u00f3gicos en &hellip; <\/p>\n","protected":false},"author":1,"featured_media":0,"parent":0,"menu_order":0,"comment_status":"closed","ping_status":"closed","template":"","meta":{"footnotes":""},"class_list":["post-11502","page","type-page","status-publish","hentry"],"_links":{"self":[{"href":"https:\/\/colrafaeluribeuribe.edu.co\/web\/wp-json\/wp\/v2\/pages\/11502","targetHints":{"allow":["GET"]}}],"collection":[{"href":"https:\/\/colrafaeluribeuribe.edu.co\/web\/wp-json\/wp\/v2\/pages"}],"about":[{"href":"https:\/\/colrafaeluribeuribe.edu.co\/web\/wp-json\/wp\/v2\/types\/page"}],"author":[{"embeddable":true,"href":"https:\/\/colrafaeluribeuribe.edu.co\/web\/wp-json\/wp\/v2\/users\/1"}],"replies":[{"embeddable":true,"href":"https:\/\/colrafaeluribeuribe.edu.co\/web\/wp-json\/wp\/v2\/comments?post=11502"}],"version-history":[{"count":12,"href":"https:\/\/colrafaeluribeuribe.edu.co\/web\/wp-json\/wp\/v2\/pages\/11502\/revisions"}],"predecessor-version":[{"id":14716,"href":"https:\/\/colrafaeluribeuribe.edu.co\/web\/wp-json\/wp\/v2\/pages\/11502\/revisions\/14716"}],"wp:attachment":[{"href":"https:\/\/colrafaeluribeuribe.edu.co\/web\/wp-json\/wp\/v2\/media?parent=11502"}],"curies":[{"name":"wp","href":"https:\/\/api.w.org\/{rel}","templated":true}]}}